{"id":608,"date":"2022-07-28T20:27:37","date_gmt":"2022-07-28T23:27:37","guid":{"rendered":"https:\/\/smartproduct.com.br\/?post_type=product&#038;p=608"},"modified":"2022-07-31T20:36:08","modified_gmt":"2022-07-31T23:36:08","slug":"nicho-de-embutir-branco-30x60","status":"publish","type":"product","link":"https:\/\/smartproduct.com.br\/index.php\/produto\/nicho-de-embutir-branco-30x60\/","title":{"rendered":"Nicho de embutir Branco 30&#215;60"},"content":{"rendered":"<p>Feito em pl\u00e1stico de engenharia de alta qualidade e acabamento perfeito, proporciona f\u00e1cil instala\u00e7\u00e3o e zero manuten\u00e7\u00e3o.<\/p>\n","protected":false},"excerpt":{"rendered":"<p>Feito em pl\u00e1stico de engenharia de alta qualidade e acabamento perfeito, proporciona f\u00e1cil instala\u00e7\u00e3o e zero manuten\u00e7\u00e3o.<\/p>\n","protected":false},"featured_media":606,"comment_status":"open","ping_status":"closed","template":"","meta":{"om_disable_all_campaigns":false,"_monsterinsights_skip_tracking":false,"_monsterinsights_sitenote_active":false,"_monsterinsights_sitenote_note":"","_monsterinsights_sitenote_category":0},"product_cat":[32],"product_tag":[],"aioseo_notices":[],"featured_image_urls":{"full":["https:\/\/smartproduct.com.br\/wp-content\/uploads\/2022\/04\/nicho-para-banheiro-embutir-branco-30x60-metasul-918.png",1500,1238,false],"thumbnail":["https:\/\/smartproduct.com.br\/wp-content\/uploads\/2022\/04\/nicho-para-banheiro-embutir-branco-30x60-metasul-918-150x150.png",150,150,true],"medium":["https:\/\/smartproduct.com.br\/wp-content\/uploads\/2022\/04\/nicho-para-banheiro-embutir-branco-30x60-metasul-918-300x248.png",300,248,true],"medium_large":["https:\/\/smartproduct.com.br\/wp-content\/uploads\/2022\/04\/nicho-para-banheiro-embutir-branco-30x60-metasul-918-768x634.png",768,634,true],"large":["https:\/\/smartproduct.com.br\/wp-content\/uploads\/2022\/04\/nicho-para-banheiro-embutir-branco-30x60-metasul-918-1024x845.png",1024,845,true],"1536x1536":["https:\/\/smartproduct.com.br\/wp-content\/uploads\/2022\/04\/nicho-para-banheiro-embutir-branco-30x60-metasul-918.png",1500,1238,false],"2048x2048":["https:\/\/smartproduct.com.br\/wp-content\/uploads\/2022\/04\/nicho-para-banheiro-embutir-branco-30x60-metasul-918.png",1500,1238,false],"woocommerce_thumbnail":["https:\/\/smartproduct.com.br\/wp-content\/uploads\/2022\/04\/nicho-para-banheiro-embutir-branco-30x60-metasul-918-600x800.png",600,800,true],"woocommerce_single":["https:\/\/smartproduct.com.br\/wp-content\/uploads\/2022\/04\/nicho-para-banheiro-embutir-branco-30x60-metasul-918-600x495.png",600,495,true],"woocommerce_gallery_thumbnail":["https:\/\/smartproduct.com.br\/wp-content\/uploads\/2022\/04\/nicho-para-banheiro-embutir-branco-30x60-metasul-918-100x100.png",100,100,true],"shop_catalog":["https:\/\/smartproduct.com.br\/wp-content\/uploads\/2022\/04\/nicho-para-banheiro-embutir-branco-30x60-metasul-918-600x800.png",600,800,true],"shop_single":["https:\/\/smartproduct.com.br\/wp-content\/uploads\/2022\/04\/nicho-para-banheiro-embutir-branco-30x60-metasul-918-600x495.png",600,495,true],"shop_thumbnail":["https:\/\/smartproduct.com.br\/wp-content\/uploads\/2022\/04\/nicho-para-banheiro-embutir-branco-30x60-metasul-918-100x100.png",100,100,true]},"post_excerpt_stackable":"<p>Feito em pl\u00e1stico de engenharia de alta qualidade e acabamento perfeito, proporciona f\u00e1cil instala\u00e7\u00e3o e zero manuten\u00e7\u00e3o.<\/p>\n","category_list":"","author_info":{"name":"","url":""},"comments_num":"0 comments","_links":{"self":[{"href":"https:\/\/smartproduct.com.br\/index.php\/wp-json\/wp\/v2\/product\/608"}],"collection":[{"href":"https:\/\/smartproduct.com.br\/index.php\/wp-json\/wp\/v2\/product"}],"about":[{"href":"https:\/\/smartproduct.com.br\/index.php\/wp-json\/wp\/v2\/types\/product"}],"replies":[{"embeddable":true,"href":"https:\/\/smartproduct.com.br\/index.php\/wp-json\/wp\/v2\/comments?post=608"}],"wp:featuredmedia":[{"embeddable":true,"href":"https:\/\/smartproduct.com.br\/index.php\/wp-json\/wp\/v2\/media\/606"}],"wp:attachment":[{"href":"https:\/\/smartproduct.com.br\/index.php\/wp-json\/wp\/v2\/media?parent=608"}],"wp:term":[{"taxonomy":"product_cat","embeddable":true,"href":"https:\/\/smartproduct.com.br\/index.php\/wp-json\/wp\/v2\/product_cat?post=608"},{"taxonomy":"product_tag","embeddable":true,"href":"https:\/\/smartproduct.com.br\/index.php\/wp-json\/wp\/v2\/product_tag?post=608"}],"curies":[{"name":"wp","href":"https:\/\/api.w.org\/{rel}","templated":true}]}}