{"id":584,"date":"2022-03-02T10:19:21","date_gmt":"2022-03-02T10:19:21","guid":{"rendered":"https:\/\/demo.creativethemes.com\/blocksy\/home-decor\/?page_id=12"},"modified":"2022-07-31T20:55:53","modified_gmt":"2022-07-31T23:55:53","slug":"about-us","status":"publish","type":"page","link":"https:\/\/smartproduct.com.br\/index.php\/about-us\/","title":{"rendered":"About Us"},"content":{"rendered":"\n<div class=\"wp-block-stackable-columns alignfull stk-block-columns stk-block stk-dc595a3 stk-block-background\" data-block-id=\"dc595a3\"><style>.stk-dc595a3{background-color:var(--paletteColor5,#EEEEEE) !important}.stk-dc595a3:before{background-color:var(--paletteColor5,#EEEEEE) !important}.stk-dc595a3{padding-top:120px !important;padding-bottom:120px !important;margin-bottom:0px !important}@media screen and (max-width:1023px){.stk-dc595a3{padding-top:80px !important;padding-bottom:80px !important}}<\/style><div class=\"stk-row stk-inner-blocks stk-block-content stk-content-align stk-dc595a3-column\">\n<div class=\"wp-block-stackable-column stk-block-column stk-column stk-block stk-29e92bc\" data-block-id=\"29e92bc\"><style>.stk-29e92bc-container{margin-top:0px !important;margin-right:0px !important;margin-bottom:0px !important;margin-left:0px !important}<\/style><div class=\"stk-column-wrapper stk-block-column__content stk-container stk-29e92bc-container stk--no-background stk--no-padding\"><div class=\"stk-block-content stk-inner-blocks\">\n<div class=\"wp-block-stackable-heading stk-block-heading stk-block stk-2d08bbf\" id=\"sobre-nos\" data-block-id=\"2d08bbf\"><style>.stk-2d08bbf .stk-block-heading__text{font-size:80px !important;margin:0 !important}@media screen and (max-width:1023px){.stk-2d08bbf .stk-block-heading__text{font-size:45px !important}}@media screen and (max-width:767px){.stk-2d08bbf .stk-block-heading__text{font-size:35px !important}}<\/style><h2 class=\"stk-block-heading__text has-text-align-center\">Sobre N\u00f3s<\/h2><\/div>\n<\/div><\/div><\/div>\n<\/div><\/div>\n\n\n\n<div class=\"wp-block-stackable-spacer stk-block-spacer stk--no-padding stk-block stk-938bbb3\" data-block-id=\"938bbb3\"><style>.stk-938bbb3{height:50px !important}@media screen and (max-width:1023px){.stk-938bbb3{height:80px !important}}<\/style><\/div>\n\n\n\n<div class=\"wp-block-columns is-layout-flex wp-container-core-columns-is-layout-1 wp-block-columns-is-layout-flex\">\n<div class=\"wp-block-column is-layout-flow wp-block-column-is-layout-flow\" style=\"flex-basis:66.66%\">\n<div class=\"wp-block-stackable-text stk-block-text stk-block stk-0b77dc7\" data-block-id=\"0b77dc7\"><style>.stk-0b77dc7{margin-bottom:7px !important}.stk-0b77dc7 .stk-block-text__text{font-size:36px !important;font-family:\"Poppins\",Sans-serif !important}@media screen and (max-width:1023px){.stk-0b77dc7 .stk-block-text__text{font-size:36px !important}}<\/style><p class=\"stk-block-text__text\"><strong>Smart Product<\/strong><\/p><\/div>\n\n\n\n<div class=\"wp-block-stackable-text stk-block-text stk-block stk-bf4243d\" data-block-id=\"bf4243d\"><style>.stk-bf4243d{min-height:0px !important;padding-top:0px !important;padding-right:0px !important;padding-bottom:0px !important;padding-left:0px !important;margin-bottom:43px !important}.stk-bf4243d .stk-block-text__text{font-size:29px !important;font-family:\"Poppins\",Sans-serif !important}@media screen and (max-width:1023px){.stk-bf4243d .stk-block-text__text{font-size:29px !important}}.stk-bf4243d{column-count:1 !important;column-gap:0px !important}<\/style><p class=\"stk-block-text__text has-text-align-left has-text-align-center-mobile\">Fundada em 2022, a empresa SMART PRODUCTS tem como objetivo facilitar o dia a dia do consumidor atrav\u00e9s de produtos de f\u00e1cil instala\u00e7\u00e3o, limpeza e durabilidade.<br>Experi\u00eancia no segmento h\u00e1 15 anos buscamos trazer ao mercados produtos inovadores e acess\u00edveis.<\/p><\/div>\n<\/div>\n\n\n\n<div class=\"wp-block-column is-layout-flow wp-block-column-is-layout-flow\"><\/div>\n\n\n\n<div class=\"wp-block-column is-layout-flow wp-block-column-is-layout-flow\" style=\"flex-basis:33.33%\">\n<p><\/p>\n\n\n\n<div style=\"height:78px\" aria-hidden=\"true\" class=\"wp-block-spacer\"><\/div>\n\n\n\n<figure class=\"wp-block-image size-full is-resized is-style-default\"><img loading=\"lazy\" decoding=\"async\" src=\"https:\/\/smartproduct.com.br\/wp-content\/uploads\/2022\/07\/SmartProd_Artes_emCurva-1.png\" alt=\"\" class=\"wp-image-620\" width=\"305\" height=\"116\" srcset=\"https:\/\/smartproduct.com.br\/wp-content\/uploads\/2022\/07\/SmartProd_Artes_emCurva-1.png 3238w, https:\/\/smartproduct.com.br\/wp-content\/uploads\/2022\/07\/SmartProd_Artes_emCurva-1-300x114.png 300w, https:\/\/smartproduct.com.br\/wp-content\/uploads\/2022\/07\/SmartProd_Artes_emCurva-1-1024x389.png 1024w, https:\/\/smartproduct.com.br\/wp-content\/uploads\/2022\/07\/SmartProd_Artes_emCurva-1-768x292.png 768w, https:\/\/smartproduct.com.br\/wp-content\/uploads\/2022\/07\/SmartProd_Artes_emCurva-1-1536x583.png 1536w, https:\/\/smartproduct.com.br\/wp-content\/uploads\/2022\/07\/SmartProd_Artes_emCurva-1-2048x778.png 2048w, https:\/\/smartproduct.com.br\/wp-content\/uploads\/2022\/07\/SmartProd_Artes_emCurva-1-600x228.png 600w\" sizes=\"(max-width: 305px) 100vw, 305px\" \/><\/figure>\n<\/div>\n<\/div>\n","protected":false},"excerpt":{"rendered":"<p>Sobre N\u00f3s Smart Product Fundada em 2022, a empresa SMART PRODUCTS tem como objetivo facilitar o dia a dia do consumidor atrav\u00e9s de produtos de f\u00e1cil instala\u00e7\u00e3o, limpeza e durabilidade.Experi\u00eancia no segmento h\u00e1 15 anos buscamos trazer ao mercados produtos inovadores e acess\u00edveis.<\/p>\n","protected":false},"author":1,"featured_media":0,"parent":0,"menu_order":0,"comment_status":"closed","ping_status":"closed","template":"","meta":{"om_disable_all_campaigns":false,"_monsterinsights_skip_tracking":false,"_monsterinsights_sitenote_active":false,"_monsterinsights_sitenote_note":"","_monsterinsights_sitenote_category":0,"footnotes":""},"blocksy_meta":{"styles_descriptor":{"styles":{"desktop":"","tablet":"","mobile":""},"google_fonts":[],"version":5},"page_title_panel":"","has_hero_section":"disabled","4a6c26e3489cfc452f0c7089ef3cf078":"","hero_section":"type-1","hero_elements":[{"id":"custom_title","enabled":true,"heading_tag":"h1","title":"Home"},{"id":"custom_description","enabled":true,"description_visibility":{"desktop":true,"tablet":true,"mobile":false}},{"id":"custom_meta","enabled":false,"meta_elements":[{"id":"author","enabled":true,"label":"By","has_author_avatar":"yes","avatar_size":25},{"id":"post_date","enabled":true,"label":"On","date_format_source":"default","date_format":"M j, Y"},{"id":"updated_date","enabled":false,"label":"On","date_format_source":"default","date_format":"M j, Y"},{"id":"categories","enabled":false,"label":"In","style":"simple"},{"id":"comments","enabled":true}],"page_meta_elements":{"joined":true,"articles_count":true,"comments":true}},{"id":"breadcrumbs","enabled":false}],"fe562f922a7890432068950dda17c488":"","hero_alignment1":"CT_CSS_SKIP_RULE","hero_margin":40,"hero_alignment2":"center","hero_vertical_alignment":"center","21ff91474bdbf7e3262b971e98d91af2":"","hero_structure":"narrow","efbca305c45ecabd3d17e2c3bd7c910d":"","page_title_bg_type":"featured_image","custom_hero_background":{"attachment_id":null},"page_title_image_size":"full","parallax":{"desktop":false,"tablet":false,"mobile":false},"5ba28e80c5f05ca70537edad0eefaf73":"","hero_height":"250px","pageTitleFont":{"family":"Default","variation":"Default","size":"30px","line-height":"CT_CSS_SKIP_RULE","letter-spacing":"CT_CSS_SKIP_RULE","text-transform":"CT_CSS_SKIP_RULE","text-decoration":"CT_CSS_SKIP_RULE"},"pageTitleFontColor":{"default":{"color":"CT_CSS_SKIP_RULEDEFAULT"}},"pageMetaFont":{"family":"Default","variation":"n6","size":"12px","line-height":"1.3","letter-spacing":"CT_CSS_SKIP_RULE","text-transform":"uppercase","text-decoration":"CT_CSS_SKIP_RULE"},"pageMetaFontColor":{"default":{"color":"CT_CSS_SKIP_RULEDEFAULT"},"hover":{"color":"CT_CSS_SKIP_RULEDEFAULT"}},"page_meta_button_type_font_colors":{"default":{"color":"CT_CSS_SKIP_RULEDEFAULT"},"hover":{"color":"CT_CSS_SKIP_RULEDEFAULT"}},"page_meta_button_type_background_colors":{"default":{"color":"CT_CSS_SKIP_RULEDEFAULT"},"hover":{"color":"CT_CSS_SKIP_RULEDEFAULT"}},"pageExcerptFont":{"family":"Default","variation":"Default","size":"CT_CSS_SKIP_RULE","line-height":"CT_CSS_SKIP_RULE","letter-spacing":"CT_CSS_SKIP_RULE","text-transform":"CT_CSS_SKIP_RULE","text-decoration":"CT_CSS_SKIP_RULE"},"pageExcerptColor":{"default":{"color":"CT_CSS_SKIP_RULEDEFAULT"}},"breadcrumbsFont":{"family":"Default","variation":"Default","size":"CT_CSS_SKIP_RULE","line-height":"CT_CSS_SKIP_RULE","letter-spacing":"CT_CSS_SKIP_RULE","text-transform":"CT_CSS_SKIP_RULE","text-decoration":"CT_CSS_SKIP_RULE"},"breadcrumbsFontColor":{"default":{"color":"CT_CSS_SKIP_RULEDEFAULT"},"initial":{"color":"CT_CSS_SKIP_RULEDEFAULT"},"hover":{"color":"CT_CSS_SKIP_RULEDEFAULT"}},"pageTitleOverlay":{"background_type":"color","background_pattern":"type-1","background_image":{"attachment_id":null,"x":0,"y":0},"gradient":"linear-gradient(135deg,rgba(6,147,227,1) 0%,rgb(155,81,224) 100%)","background_repeat":"repeat","background_size":"auto","background_attachment":"scroll","patternColor":{"default":{"color":"#e5e7ea"}},"overlayColor":{"default":{"color":"CT_CSS_SKIP_RULE"}},"backgroundColor":{"default":{"color":"CT_CSS_SKIP_RULE"}}},"pageTitleBackground":{"background_type":"color","background_pattern":"type-1","background_image":{"attachment_id":null,"x":0,"y":0},"gradient":"linear-gradient(135deg,rgba(6,147,227,1) 0%,rgb(155,81,224) 100%)","background_repeat":"repeat","background_size":"auto","background_attachment":"scroll","patternColor":{"default":{"color":"#e5e7ea"}},"overlayColor":{"default":{"color":"CT_CSS_SKIP_RULE"}},"backgroundColor":{"default":{"color":"var(--paletteColor6)"}}},"pageTitlePadding":{"top":"50px","bottom":"50px","left":"auto","right":"auto","linked":true},"a271f1d3e5a6bce1f48f7d72e3fe62cd":"","page_structure_type":"default","ac8f391930b733f81c8c2034fe54f4c4":"","content_style_source":"inherit","content_style":"wide","vertical_spacing_source":"custom","content_area_spacing":"none","background":{"background_type":"color","background_pattern":"type-1","background_image":{"attachment_id":null,"x":0,"y":0},"gradient":"linear-gradient(135deg,rgba(6,147,227,1) 0%,rgb(155,81,224) 100%)","background_repeat":"repeat","background_size":"auto","background_attachment":"scroll","patternColor":{"default":{"color":"#e5e7ea"}},"overlayColor":{"default":{"color":"CT_CSS_SKIP_RULE"}},"backgroundColor":{"default":{"color":"CT_CSS_SKIP_RULE"}}},"content_background":{"background_type":"color","background_pattern":"type-1","background_image":{"attachment_id":null,"x":0,"y":0},"gradient":"linear-gradient(135deg,rgba(6,147,227,1) 0%,rgb(155,81,224) 100%)","background_repeat":"repeat","background_size":"auto","background_attachment":"scroll","patternColor":{"default":{"color":"#e5e7ea"}},"overlayColor":{"default":{"color":"CT_CSS_SKIP_RULE"}},"backgroundColor":{"default":{"color":"var(--paletteColor8)"}}},"content_boxed_shadow":{"inherit":false,"blur":18,"spread":-6,"v_offset":12,"h_offset":0,"inset":false,"enable":true,"color":{"color":"rgba(34, 56, 101, 0.04)"}},"boxed_content_spacing":{"desktop":{"top":"40px","bottom":"40px","left":"40px","right":"40px","linked":true},"tablet":{"top":"35px","bottom":"35px","left":"35px","right":"35px","linked":true},"mobile":{"top":"20px","bottom":"20px","left":"20px","right":"20px","linked":true}},"content_boxed_radius":{"top":"3px","bottom":"3px","left":"3px","right":"3px","linked":true},"a38c1b35b8d2e65b9d89492d033c438a":"","disable_featured_image":"no","disable_share_box":"no","disable_header":"no","disable_footer":"no"},"aioseo_notices":[],"featured_image_urls":{"full":"","thumbnail":"","medium":"","medium_large":"","large":"","1536x1536":"","2048x2048":"","woocommerce_thumbnail":"","woocommerce_single":"","woocommerce_gallery_thumbnail":"","shop_catalog":"","shop_single":"","shop_thumbnail":""},"post_excerpt_stackable":"<p>Sobre N\u00f3s Smart Product Fundada em 2022, a empresa SMART PRODUCTS tem como objetivo facilitar o dia a dia do consumidor atrav\u00e9s de produtos de f\u00e1cil instala\u00e7\u00e3o, limpeza e durabilidade.Experi\u00eancia no segmento h\u00e1 15 anos buscamos trazer ao mercados produtos inovadores e acess\u00edveis.<\/p>\n","category_list":"","author_info":{"name":"rafaelgarel","url":"https:\/\/smartproduct.com.br\/index.php\/author\/rafaelgarel\/"},"comments_num":"0 comments","_links":{"self":[{"href":"https:\/\/smartproduct.com.br\/index.php\/wp-json\/wp\/v2\/pages\/584"}],"collection":[{"href":"https:\/\/smartproduct.com.br\/index.php\/wp-json\/wp\/v2\/pages"}],"about":[{"href":"https:\/\/smartproduct.com.br\/index.php\/wp-json\/wp\/v2\/types\/page"}],"author":[{"embeddable":true,"href":"https:\/\/smartproduct.com.br\/index.php\/wp-json\/wp\/v2\/users\/1"}],"replies":[{"embeddable":true,"href":"https:\/\/smartproduct.com.br\/index.php\/wp-json\/wp\/v2\/comments?post=584"}],"version-history":[{"count":14,"href":"https:\/\/smartproduct.com.br\/index.php\/wp-json\/wp\/v2\/pages\/584\/revisions"}],"predecessor-version":[{"id":652,"href":"https:\/\/smartproduct.com.br\/index.php\/wp-json\/wp\/v2\/pages\/584\/revisions\/652"}],"wp:attachment":[{"href":"https:\/\/smartproduct.com.br\/index.php\/wp-json\/wp\/v2\/media?parent=584"}],"curies":[{"name":"wp","href":"https:\/\/api.w.org\/{rel}","templated":true}]}}